{"id":52,"date":"2024-05-09T08:45:07","date_gmt":"2024-05-09T08:45:07","guid":{"rendered":"https:\/\/xn--det-rna.org\/?page_id=52"},"modified":"2026-02-08T14:44:05","modified_gmt":"2026-02-08T14:44:05","slug":"lotte-och-torben-ohlander","status":"publish","type":"page","link":"https:\/\/odet.nu\/index.php\/lotte-och-torben-ohlander\/","title":{"rendered":"Bakgrund"},"content":{"rendered":"\n<p>\u00d6det best\u00e5r av tv\u00e5 verksamhetsdelar:<\/p>\n\n\n\n<ul class=\"wp-block-list\">\n<li>Den ena delen \u00e4r fastigheten d\u00e4r verksamheten bedrivs. Fastigheten \u00e4gs sedan 2022 av Lotte och Torben Ohlander och anv\u00e4nds f\u00f6r uthyrning till b\u00e5de studenter (boende), verksamheter samt f\u00f6r dialog med lokalsamh\u00e4llet. Som fastighets\u00e4gare \u00e4r vi medlemmar i <a href=\"https:\/\/bidmalmo.se\/\" target=\"_blank\" rel=\"noreferrer noopener\">BID Malm\u00f6<\/a> och <a href=\"https:\/\/gamlasofielundsbyalag.se\/\" target=\"_blank\" rel=\"noreferrer noopener\">Gamla Sofielunds Byalag<\/a>, och sedan starten har vi i l\u00e5ngsam takt utforskat behov och m\u00f6jligheter kring hur fastigheten kan g\u00f6ra nytta, s\u00e5v\u00e4l i n\u00e4romr\u00e5det som i ett st\u00f6rre perspektiv. Efter m\u00e5nga givande dialoger, utbyten, m\u00f6ten, \u00f6ppna hus p\u00e5 olika teman, bes\u00f6k och tester, har ett antal sp\u00e5r blivit tydliga. Tack alla ni som bidragit under denna sp\u00e4nnande fas!<\/li>\n<\/ul>\n\n\n\n<ul class=\"wp-block-list\">\n<li>Den andra delen \u00e4r \u00d6det h\u00e5llbart ekosystem Ekonomisk f\u00f6rening. F\u00f6reningens verksamhet \u00e4r en innovationsplats och tillh\u00f6rande ekosystem f\u00f6r att fr\u00e4mja innovation och framv\u00e4xt av verksamheter som erbjuder cirkul\u00e4ra och h\u00e5llbara tj\u00e4nster och produkter. Det gemensamma temat \u00e4r att  \u00f6vergripande driva engagemang och vara m\u00f6jligg\u00f6rare inom eko-sociala fr\u00e5gor genom att utg\u00e5 fr\u00e5n en bas av lokala akt\u00f6rer och boende.<\/li>\n<\/ul>\n\n\n\n<p>Med \u00d6det vill vi f\u00f6rverkliga visionen att skapa en urban bygdeg\u00e5rd och gr\u00f6n hub, som aktivt bidrar till social trygghet och gemenskap i n\u00e4romr\u00e5det, och som kan inspirera liknande verksamheter p\u00e5 andra st\u00e4llen i Malm\u00f6 och v\u00e4rlden.<\/p>\n\n\n\n<figure class=\"wp-block-gallery aligncenter has-nested-images columns-default is-cropped wp-block-gallery-1 is-layout-flex wp-block-gallery-is-layout-flex\">\n<figure class=\"wp-block-image size-large is-style-default\"><img fetchpriority=\"high\" decoding=\"async\" width=\"1024\" height=\"768\" data-id=\"56\" src=\"https:\/\/odet.nu\/wp-content\/uploads\/2024\/05\/20231130_124529-1024x768.jpg\" alt=\"\" class=\"wp-image-56\" srcset=\"https:\/\/odet.nu\/wp-content\/uploads\/2024\/05\/20231130_124529-1024x768.jpg 1024w, https:\/\/odet.nu\/wp-content\/uploads\/2024\/05\/20231130_124529-300x225.jpg 300w, https:\/\/odet.nu\/wp-content\/uploads\/2024\/05\/20231130_124529.jpg 1269w\" sizes=\"(max-width: 1024px) 100vw, 1024px\" \/><\/figure>\n\n\n\n<figure class=\"wp-block-image size-large\"><img decoding=\"async\" width=\"800\" height=\"533\" data-id=\"55\" src=\"https:\/\/odet.nu\/wp-content\/uploads\/2024\/05\/Foto-2022-10-04-13-15-27-800x533-2.jpg\" alt=\"\" class=\"wp-image-55\" srcset=\"https:\/\/odet.nu\/wp-content\/uploads\/2024\/05\/Foto-2022-10-04-13-15-27-800x533-2.jpg 800w, https:\/\/odet.nu\/wp-content\/uploads\/2024\/05\/Foto-2022-10-04-13-15-27-800x533-2-300x200.jpg 300w\" sizes=\"(max-width: 800px) 100vw, 800px\" \/><\/figure>\n<\/figure>\n\n\n\n<p>Under 2024 genomf\u00f6rdes bland annat ett inkubatorprogram riktat mot cirkul\u00e4ra mikroakt\u00f6rer, med cirka 20 deltagare.&nbsp;En ekonomisk f\u00f6rening bildades samma \u00e5r f\u00f6r att kunna f\u00e5nga upp personer och akt\u00f6rer som vill samarbeta kring satsningar kring cirkul\u00e4r ekonomi, milj\u00f6 och h\u00e5llbarhet. F\u00f6reningen ordnar evenemang, delar kunskap, skapar engagemang och sprider inspiration kring dessa fr\u00e5gor. Vi g\u00f6r \u00e4ven gemensamma ans\u00f6kningar f\u00f6r finansiering.<\/p>\n\n\n\n<p>Den l\u00e5ngsiktiga visionen \u00e4r att \u00d6det som urban bygdeg\u00e5rd ska kunna bidra till social trygghet och gemenskap i n\u00e4romr\u00e5det, samt inspirera till uppstart av liknande initiativ i Sk\u00e5ne, Sverige, v\u00e4rlden. Vi tog tidigt kontakt med Gamla Sofielunds byalag och fick ig\u00e5ng en l\u00f6pande dialog med de boende i omr\u00e5det, och under 2025 b\u00f6rjade garagebyggnaden spela en roll i att komplettera huset med st\u00f6rre ytor i form av m\u00f6tesplats och nya m\u00f6jligheter.<\/p>\n\n\n\n<p>V\u00e5r tanke som fastighets\u00e4gare \u00e4r att erbjuda \u00d6det som en arena, d\u00e4r behov utforskas l\u00f6pande, inriktning och vision s\u00e4tts i dialog, och d\u00e4r olika initiativ kan drivas i enlighet med visionen. Det finns en stor kraft i att det faktiskt finns en fysisk plats, och vi vill g\u00e4rna beh\u00e5lla den &#8221;neutrala hemk\u00e4nslan&#8221; som m\u00e5nga bes\u00f6kare upplever n\u00e4r de \u00e4r h\u00e4r.<\/p>\n\n\n\n<p>Vi vill att \u00d6det bygger p\u00e5 samarbete, att jobba tillsammans, att l\u00e5ta engagerade personer i n\u00e4tverket driva aktiviteter. Det skall vara en till\u00e5tande plats med m\u00f6jlighet att testa, utforska, g\u00f6ra fel och testa igen. \u00d6det har en \u00f6ppenhet f\u00f6r samarbeten med andra akt\u00f6rer och liknande satsningar som \u00e4r i uppstart eller p\u00e5g\u00e5r i Malm\u00f6 och andra delar av regionen. Vi vill att satsningen skall tj\u00e4na som inspiration f\u00f6r andra att starta liknande hubbar p\u00e5 andra st\u00e4llen som vi kan samarbeta med. Det h\u00e4r g\u00e5r att g\u00f6ra! \u00c4r \u00d6det en av m\u00e5nga liknande urbana bygdeg\u00e5rdar\/gr\u00f6na hubbar i \u00d6resundsregionen inom fem \u00e5r..?<\/p>\n","protected":false},"excerpt":{"rendered":"<p>\u00d6det best\u00e5r av tv\u00e5 verksamhetsdelar: Med \u00d6det vill vi f\u00f6rverkliga visionen att skapa en urban bygdeg\u00e5rd och gr\u00f6n hub, som aktivt bidrar till social trygghet och gemenskap i n\u00e4romr\u00e5det, och &hellip; <\/p>\n<p class=\"link-more\"><a href=\"https:\/\/odet.nu\/index.php\/lotte-och-torben-ohlander\/\" class=\"more-link\">L\u00e4s mer<span class=\"screen-reader-text\"> \u201dBakgrund\u201d<\/span><\/a><\/p>\n","protected":false},"author":1,"featured_media":0,"parent":0,"menu_order":2,"comment_status":"closed","ping_status":"closed","template":"","meta":{"footnotes":""},"class_list":["post-52","page","type-page","status-publish","hentry"],"_links":{"self":[{"href":"https:\/\/odet.nu\/index.php\/wp-json\/wp\/v2\/pages\/52","targetHints":{"allow":["GET"]}}],"collection":[{"href":"https:\/\/odet.nu\/index.php\/wp-json\/wp\/v2\/pages"}],"about":[{"href":"https:\/\/odet.nu\/index.php\/wp-json\/wp\/v2\/types\/page"}],"author":[{"embeddable":true,"href":"https:\/\/odet.nu\/index.php\/wp-json\/wp\/v2\/users\/1"}],"replies":[{"embeddable":true,"href":"https:\/\/odet.nu\/index.php\/wp-json\/wp\/v2\/comments?post=52"}],"version-history":[{"count":19,"href":"https:\/\/odet.nu\/index.php\/wp-json\/wp\/v2\/pages\/52\/revisions"}],"predecessor-version":[{"id":1510,"href":"https:\/\/odet.nu\/index.php\/wp-json\/wp\/v2\/pages\/52\/revisions\/1510"}],"wp:attachment":[{"href":"https:\/\/odet.nu\/index.php\/wp-json\/wp\/v2\/media?parent=52"}],"curies":[{"name":"wp","href":"https:\/\/api.w.org\/{rel}","templated":true}]}}