{"id":263,"date":"2024-10-15T17:53:05","date_gmt":"2024-10-15T17:53:05","guid":{"rendered":"https:\/\/xn--det-rna.org\/?page_id=263"},"modified":"2026-03-27T13:57:46","modified_gmt":"2026-03-27T13:57:46","slug":"odets-nyhetsbrev","status":"publish","type":"page","link":"https:\/\/odet.nu\/index.php\/odets-nyhetsbrev\/","title":{"rendered":"Nyhetsbrev \/ newsletter"},"content":{"rendered":"\n<p>Vill du h\u00e5lla dig uppdaterad kring vad som h\u00e4nder p\u00e5 och runtomkring \u00d6det? \/ <em>Do you want to stay up to date with all things happening at and around \u00d6det? Sign up via the form in the link below<\/em><\/p>\n\n\n\n<p><a href=\"https:\/\/docs.google.com\/forms\/d\/e\/1FAIpQLSdZNc2hgLn9jDYN3_AIB3h5KDLWYoTQoKsNjev3v9a-Th0jPw\/viewform?usp=sharing&amp;ouid=115307889258173519574\" target=\"_blank\" rel=\"noreferrer noopener\">Klicka p\u00e5 l\u00e4nken h\u00e4r f\u00f6r att anm\u00e4la dig till v\u00e5ra nyhetsbrev och andra utskick! <\/a>(du kan avregistrera dig n\u00e4r som helst via mail)<\/p>\n\n\n\n<p><\/p>\n\n\n\n<h2 class=\"wp-block-heading\">V\u00e5rt senaste nummer\/the latest edition:<\/h2>\n\n\n\n<p><a href=\"https:\/\/odet.nu\/wp-content\/uploads\/2026\/03\/Nyhetsbrev-12-Mars-2026.pdf\">Mars 2026 &#8211; #12<\/a>, xxxxxxx!<\/p>\n\n\n\n<p><\/p>\n\n\n\n<h2 class=\"wp-block-heading\">Tidigare nummer \/ Previous issues:<\/h2>\n\n\n\n<p><a href=\"https:\/\/odet.nu\/wp-content\/uploads\/2026\/02\/Nyhetsbrev-11-Februari-2026.pdf\">Februari 2026 &#8211; #11<\/a>, vinter p\u00e5 \u00d6det, i detta nummer bl.a. om v\u00e5ra kommande &#8221;Super-s\u00f6ndagar&#8221;, den f\u00f6rsta redan nu till helgen den 15e februari. Varmt v\u00e4lkommen att ta del av allt eller utvalda delar under dagen: \u00d6dets v\u00e4nner, Fixotek, Utforskande samtal (som p\u00e5 gamla tiders &#8221;kaffehus&#8221;) och \u00d6dets Ordkraft skrivarstuga!<\/p>\n\n\n\n<p><a href=\"https:\/\/odet.nu\/wp-content\/uploads\/2026\/01\/Nyhetsbrev-10-Januari-2026.pdf\" target=\"_blank\" rel=\"noreferrer noopener\">Januari 2026 &#8211;<\/a> #10, \u00e5rets f\u00f6rsta brev, med info om en beviljad EU-ans\u00f6kan (tjohoo!!), Fixotek + \u00d6dets v\u00e4nner-tr\u00e4ff sl\u00e5s ihop, \u00d6dets f\u00f6rsta leksaksbytesdag i samarbete med Give Give, Ordkraft drar ig\u00e5ng, F\u00f6r\u00e4ndringsBAR med tema <em>4-dagarsveckan<\/em>, &#8221;3 fr\u00e5gor till&#8230;&#8221;, s\u00e5dd av lite fr\u00f6n kring hur \u00d6det ska kunna ta n\u00e4sta steg&#8230;<\/p>\n\n\n\n<p><a href=\"https:\/\/odet.nu\/wp-content\/uploads\/2025\/12\/Nyhetsbrev-9-December-2025.pdf\" target=\"_blank\" rel=\"noreferrer noopener\">December 2025 <\/a>&#8211; #9, julutg\u00e5van med t.ex. RE:JUL-event x 3, utst\u00e4llning, Fixoteket \u00e5ngar p\u00e5, Lettland var p\u00e5 bes\u00f6k, \u00d6det var p\u00e5 Augustenborg, de f\u00f6rsta prylarna har l\u00e5nats ut via v\u00e5rt \u201cL\u00e4mna &amp; l\u00e5na\u201d-bibliotek.<\/p>\n\n\n\n<p><a href=\"https:\/\/odet.nu\/wp-content\/uploads\/2025\/10\/Nyhetsbrev-8-Oktober-2025-1.pdf\" target=\"_blank\" rel=\"noreferrer noopener\">Oktober 2025<\/a> &#8211; #8, Fixotek p\u00e5 \u00d6det b\u00f6rjar i oktober, \u201cL\u00e4mna &amp; l\u00e5na\u201d kickar ig\u00e5ng i en f\u00f6rsta version, tillbakablick p\u00e5 Gallerihelgen etc<\/p>\n\n\n\n<p><a href=\"https:\/\/odet.nu\/wp-content\/uploads\/2025\/09\/Odet-Nyhetsbrev-2025-09-15-september.pdf\" target=\"_blank\" rel=\"noreferrer noopener\">September 2025<\/a> &#8211; inneh\u00e5ller bl.a. &#8221;Framtidens kvarter&#8221; (tillbakablick p\u00e5 v\u00e5r festival), &#8221;P\u00e5 g\u00e5ng i september&#8221;, Efterlysning volont\u00e4rer etc<\/p>\n\n\n\n<p><a href=\"https:\/\/odet.nu\/wp-content\/uploads\/2025\/05\/Odet-Nyhetsbrev-2025-05-25-maj.pdf\" target=\"_blank\" rel=\"noreferrer noopener\">Maj 2025<\/a> &#8211; nu har vi tagit oss i kragen, inneh\u00e5ller en rej\u00e4l fram\u00e5tblick och tillbakablick<\/p>\n\n\n\n<p>Januari-april 2025 &#8211; uppeh\u00e5ll i produktionen pga livet etc etc osv&#8230;<\/p>\n\n\n\n<p><a href=\"https:\/\/odet.nu\/wp-content\/uploads\/2024\/12\/Odet-Nyhetsbrev-2024-12-dec.pdf\" data-type=\"attachment\" data-id=\"322\" target=\"_blank\" rel=\"noreferrer noopener\">December 2024<\/a> &#8211; med en tillbakablick p\u00e5 \u00e5ret<\/p>\n\n\n\n<p><a href=\"https:\/\/odet.nu\/wp-content\/uploads\/2024\/11\/Odet-Nyhetsbrev-2024-11-nov.pdf\" data-type=\"attachment\" data-id=\"293\" target=\"_blank\" rel=\"noreferrer noopener\">November 2024<\/a> &#8211; med glada nyheter ang\u00e5ende v\u00e5r gemensamma Vinnovaans\u00f6kan \ud83d\ude42<\/p>\n\n\n\n<p><a href=\"https:\/\/odet.nu\/wp-content\/uploads\/2024\/10\/Odet-Nyhetsbrev-2024-10-okt.pdf\" target=\"_blank\" rel=\"noreferrer noopener\">Oktober 2024<\/a> &#8211; utg\u00e5va nr 2<\/p>\n\n\n\n<p><a href=\"https:\/\/odet.nu\/wp-content\/uploads\/2024\/10\/Nyhetsbrev-sept-2024-09-sep.pdf\" target=\"_blank\" rel=\"noreferrer noopener\">September 2024<\/a> &#8211; v\u00e5rt premi\u00e4rnummer!<\/p>\n\n\n\n<p><\/p>\n\n\n\n<p><\/p>\n\n\n\n<p><\/p>\n\n\n\n<p><\/p>\n","protected":false},"excerpt":{"rendered":"<p>Vill du h\u00e5lla dig uppdaterad kring vad som h\u00e4nder p\u00e5 och runtomkring \u00d6det? \/ Do you want to stay up to date with all things happening at and around \u00d6det? &hellip; <\/p>\n<p class=\"link-more\"><a href=\"https:\/\/odet.nu\/index.php\/odets-nyhetsbrev\/\" class=\"more-link\">L\u00e4s mer<span class=\"screen-reader-text\"> \u201dNyhetsbrev \/ newsletter\u201d<\/span><\/a><\/p>\n","protected":false},"author":3,"featured_media":0,"parent":0,"menu_order":0,"comment_status":"closed","ping_status":"closed","template":"","meta":{"footnotes":""},"class_list":["post-263","page","type-page","status-publish","hentry"],"_links":{"self":[{"href":"https:\/\/odet.nu\/index.php\/wp-json\/wp\/v2\/pages\/263","targetHints":{"allow":["GET"]}}],"collection":[{"href":"https:\/\/odet.nu\/index.php\/wp-json\/wp\/v2\/pages"}],"about":[{"href":"https:\/\/odet.nu\/index.php\/wp-json\/wp\/v2\/types\/page"}],"author":[{"embeddable":true,"href":"https:\/\/odet.nu\/index.php\/wp-json\/wp\/v2\/users\/3"}],"replies":[{"embeddable":true,"href":"https:\/\/odet.nu\/index.php\/wp-json\/wp\/v2\/comments?post=263"}],"version-history":[{"count":36,"href":"https:\/\/odet.nu\/index.php\/wp-json\/wp\/v2\/pages\/263\/revisions"}],"predecessor-version":[{"id":1715,"href":"https:\/\/odet.nu\/index.php\/wp-json\/wp\/v2\/pages\/263\/revisions\/1715"}],"wp:attachment":[{"href":"https:\/\/odet.nu\/index.php\/wp-json\/wp\/v2\/media?parent=263"}],"curies":[{"name":"wp","href":"https:\/\/api.w.org\/{rel}","templated":true}]}}