{"id":1482,"date":"2026-02-08T13:31:15","date_gmt":"2026-02-08T13:31:15","guid":{"rendered":"https:\/\/odet.nu\/?page_id=1482"},"modified":"2026-02-13T11:45:52","modified_gmt":"2026-02-13T11:45:52","slug":"ordkraft","status":"publish","type":"page","link":"https:\/\/odet.nu\/index.php\/ordkraft\/","title":{"rendered":"Ordkraft"},"content":{"rendered":"\n<p><strong>Med Ordkraft st\u00f6tta varandra att anv\u00e4nda ordets kraft f\u00f6r att st\u00e4rka demokratin och skapa goda framtidsbilder.<\/strong><\/p>\n\n\n\n<p>M\u00e5nga \u00e4r oroliga f\u00f6r framtiden och \u00f6nskar mer kraftfulla \u00e5tg\u00e4rder f\u00f6r klimat, milj\u00f6 och h\u00e5llbarhet. Det beh\u00f6vs inte bara privata initiativ utan ocks\u00e5 politiska beslut och satsningar p\u00e5 samh\u00e4llsniv\u00e5. Det finns m\u00e5nga olika s\u00e4tt att p\u00e5verka opinioner och beslutsfattande, och en ofta underskattad metod \u00e4r att h\u00f6ra av sig personligen till politiker och andra inflytelserika personer. Det kanske passar den som till exempel inte k\u00e4nner sig bekv\u00e4m i manifestationer eller uttrycka sina \u00e5sikter p\u00e5 sociala medier.<\/p>\n\n\n\n<p>Orden har kraft att n\u00e5 ut, men ocks\u00e5 kraft att forma oss sj\u00e4lva fr\u00e5n insidan. Att s\u00e4tta ord p\u00e5 vad vi tycker och vill hj\u00e4lper ocks\u00e5 oss sj\u00e4lva att f\u00e5 syn p\u00e5 vad som \u00e4r viktigt p\u00e5 riktigt &#8211; ett s\u00e4tt att skapa goda framtidsbilder. <\/p>\n\n\n\n<p>I Ordkraft kan vi ocks\u00e5 ta avstamp i l\u00e4sning och inspireras av b\u00f6cker, som till exempel den norska f\u00f6rfattaren Maja Lundes romansvit.<\/p>\n\n\n\n<p>Med Ordkraft vill vi:<\/p>\n\n\n\n<ul class=\"wp-block-list\">\n<li>St\u00f6tta varandra i att formulera v\u00e5ra tankar och g\u00f6ra v\u00e5ra r\u00f6ster h\u00f6rda.<\/li>\n\n\n\n<li>L\u00e4sa och samtala om vad vi l\u00e4st.<\/li>\n\n\n\n<li>Tr\u00e4ffas och skriva personliga brev till politiker och andra makthavare som vi vill p\u00e5verka.<\/li>\n\n\n\n<li>Utveckla v\u00e5rt kreativa skrivande.<\/li>\n<\/ul>\n\n\n\n<h2 class=\"wp-block-heading\">V\u00e5ren 2026<\/h2>\n\n\n\n<h3 class=\"wp-block-heading\">Bokcirkel med Maja Lundes b\u00f6cker<\/h3>\n\n\n\n<p>Under v\u00e5ren 2026 har vi en bokcirkel om Maja Lundes b\u00f6cker Binas historia, Bl\u00e5, Przewalskis h\u00e4st och Dr\u00f6mmen om ett tr\u00e4d. De som vill skickar sedan boken vidare med en h\u00e4lsning till en politiker. <\/p>\n\n\n\n<p>Bokcirkeln har redan startat, men vill du ansluta s\u00e5 kan du anm\u00e4la dig till:<\/p>\n\n\n\n<p>Epost: <a href=\"mailto:tolestam63@gmail.com\">tolestam63@gmail.com<\/a><\/p>\n\n\n\n<h3 class=\"wp-block-heading\">Demokrativerkstad 15 mars<\/h3>\n\n\n\n<p><strong>S\u00f6ndagen den 15 mars<\/strong> sl\u00e5r vi ett slag f\u00f6r demokratin! N\u00e4r det \u00e4r ungef\u00e4r ett halv\u00e5r kvar till valet kraftsamlar vi f\u00f6r att se till att h\u00e5llbarhetsfr\u00e5gor hamnar h\u00f6gt p\u00e5 agendan i den f\u00f6rest\u00e5ende valdebatten. Drop in under dagen f\u00f6r dig som vill skriva till politiker och andra inflytelserika personer om fr\u00e5gor som du brinner f\u00f6r. Vi st\u00f6ttar och inspirerar varandra men skriver v\u00e5ra egna brev med egna ord.<\/p>\n\n\n\n<p><a href=\"https:\/\/odet.nu\/index.php\/event\/ordkraft-demokratidag-skriv-och-paverka\/\" data-type=\"link\" data-id=\"https:\/\/odet.nu\/index.php\/event\/ordkraft-demokratidag-skriv-och-paverka\/\">Demokrativerkstad<\/a><\/p>\n\n\n\n<div class=\"wp-block-columns is-layout-flex wp-container-core-columns-is-layout-28f84493 wp-block-columns-is-layout-flex\">\n<div class=\"wp-block-column is-layout-flow wp-block-column-is-layout-flow\"><\/div>\n\n\n\n<div class=\"wp-block-column is-layout-flow wp-block-column-is-layout-flow\">\n<figure class=\"wp-block-image size-large\"><img fetchpriority=\"high\" decoding=\"async\" width=\"1024\" height=\"768\" src=\"https:\/\/odet.nu\/wp-content\/uploads\/2026\/02\/image-1024x768.jpeg\" alt=\"\" class=\"wp-image-1483\"\/><\/figure>\n<\/div>\n\n\n\n<div class=\"wp-block-column is-layout-flow wp-block-column-is-layout-flow\"><\/div>\n<\/div>\n\n\n\n<p><\/p>\n","protected":false},"excerpt":{"rendered":"<p>Med Ordkraft st\u00f6tta varandra att anv\u00e4nda ordets kraft f\u00f6r att st\u00e4rka demokratin och skapa goda framtidsbilder. M\u00e5nga \u00e4r oroliga f\u00f6r framtiden och \u00f6nskar mer kraftfulla \u00e5tg\u00e4rder f\u00f6r klimat, milj\u00f6 och &hellip; <\/p>\n<p class=\"link-more\"><a href=\"https:\/\/odet.nu\/index.php\/ordkraft\/\" class=\"more-link\">L\u00e4s mer<span class=\"screen-reader-text\"> \u201dOrdkraft\u201d<\/span><\/a><\/p>\n","protected":false},"author":3,"featured_media":0,"parent":0,"menu_order":0,"comment_status":"closed","ping_status":"closed","template":"","meta":{"footnotes":""},"class_list":["post-1482","page","type-page","status-publish","hentry"],"_links":{"self":[{"href":"https:\/\/odet.nu\/index.php\/wp-json\/wp\/v2\/pages\/1482","targetHints":{"allow":["GET"]}}],"collection":[{"href":"https:\/\/odet.nu\/index.php\/wp-json\/wp\/v2\/pages"}],"about":[{"href":"https:\/\/odet.nu\/index.php\/wp-json\/wp\/v2\/types\/page"}],"author":[{"embeddable":true,"href":"https:\/\/odet.nu\/index.php\/wp-json\/wp\/v2\/users\/3"}],"replies":[{"embeddable":true,"href":"https:\/\/odet.nu\/index.php\/wp-json\/wp\/v2\/comments?post=1482"}],"version-history":[{"count":6,"href":"https:\/\/odet.nu\/index.php\/wp-json\/wp\/v2\/pages\/1482\/revisions"}],"predecessor-version":[{"id":1542,"href":"https:\/\/odet.nu\/index.php\/wp-json\/wp\/v2\/pages\/1482\/revisions\/1542"}],"wp:attachment":[{"href":"https:\/\/odet.nu\/index.php\/wp-json\/wp\/v2\/media?parent=1482"}],"curies":[{"name":"wp","href":"https:\/\/api.w.org\/{rel}","templated":true}]}}